{"id":68,"date":"2023-10-05T10:25:03","date_gmt":"2023-10-05T07:25:03","guid":{"rendered":"https:\/\/landing.commersee.com\/?page_id=68"},"modified":"2023-10-29T11:44:12","modified_gmt":"2023-10-29T08:44:12","slug":"solutions","status":"publish","type":"page","link":"https:\/\/www.commersee.com\/tr\/product\/solutions\/","title":{"rendered":"\u00c7\u00f6z\u00fcmler"},"content":{"rendered":"<div data-elementor-type=\"wp-page\" data-elementor-id=\"68\" class=\"elementor elementor-68\">\n\t\t\t\t\t\t\t<div class=\"elementor-element elementor-element-e0cf73f e-flex e-con-boxed e-con e-parent\" data-id=\"e0cf73f\" data-element_type=\"container\" data-settings=\"{&quot;content_width&quot;:&quot;boxed&quot;}\" data-core-v316-plus=\"true\">\n\t\t\t\t\t<div class=\"e-con-inner\">\n\t\t\t\t<div class=\"elementor-element elementor-element-a01456e elementor-widget elementor-widget-heading\" data-id=\"a01456e\" data-element_type=\"widget\" data-widget_type=\"heading.default\">\n\t\t\t\t<div class=\"elementor-widget-container\">\n\t\t\t<h2 class=\"elementor-heading-title elementor-size-default\">Harness the power of data<\/h2>\t\t<\/div>\n\t\t\t\t<\/div>\n\t\t\t\t<div class=\"elementor-element elementor-element-c542c64 elementor-widget elementor-widget-heading\" data-id=\"c542c64\" data-element_type=\"widget\" data-widget_type=\"heading.default\">\n\t\t\t\t<div class=\"elementor-widget-container\">\n\t\t\t<h2 class=\"elementor-heading-title elementor-size-default\">Unveil insights with our advanced analytics solutions<\/h2>\t\t<\/div>\n\t\t\t\t<\/div>\n\t\t\t\t<div class=\"elementor-element elementor-element-3e94f3f elementor-widget elementor-widget-spacer\" data-id=\"3e94f3f\" data-element_type=\"widget\" data-widget_type=\"spacer.default\">\n\t\t\t\t<div class=\"elementor-widget-container\">\n\t\t\t\t\t<div class=\"elementor-spacer\">\n\t\t\t<div class=\"elementor-spacer-inner\"><\/div>\n\t\t<\/div>\n\t\t\t\t<\/div>\n\t\t\t\t<\/div>\n\t\t\t\t\t<\/div>\n\t\t\t\t<\/div>\n\t\t<div class=\"elementor-element elementor-element-f0ab2a1 e-flex e-con-boxed e-con e-parent\" data-id=\"f0ab2a1\" data-element_type=\"container\" data-settings=\"{&quot;content_width&quot;:&quot;boxed&quot;}\" data-core-v316-plus=\"true\">\n\t\t\t\t\t<div class=\"e-con-inner\">\n\t\t<div class=\"elementor-element elementor-element-affd65a e-con-full e-flex e-con e-child\" data-id=\"affd65a\" data-element_type=\"container\" data-settings=\"{&quot;content_width&quot;:&quot;full&quot;}\">\n\t\t<div class=\"elementor-element elementor-element-44e36ee e-con-full e-flex e-con e-child\" data-id=\"44e36ee\" data-element_type=\"container\" data-settings=\"{&quot;content_width&quot;:&quot;full&quot;,&quot;background_background&quot;:&quot;classic&quot;}\">\n\t\t\t\t<\/div>\n\t\t<div class=\"elementor-element elementor-element-636a46b e-con-full e-flex e-con e-child\" data-id=\"636a46b\" data-element_type=\"container\" data-settings=\"{&quot;content_width&quot;:&quot;full&quot;}\">\n\t\t\t\t<div class=\"elementor-element elementor-element-716ae30 elementor-widget elementor-widget-heading\" data-id=\"716ae30\" data-element_type=\"widget\" data-widget_type=\"heading.default\">\n\t\t\t\t<div class=\"elementor-widget-container\">\n\t\t\t<h5 class=\"elementor-heading-title elementor-size-default\">Sihirli D\u00f6rtgen<\/h5>\t\t<\/div>\n\t\t\t\t<\/div>\n\t\t\t\t<div class=\"elementor-element elementor-element-ba72f28 elementor-widget elementor-widget-text-editor\" data-id=\"ba72f28\" data-element_type=\"widget\" data-widget_type=\"text-editor.default\">\n\t\t\t\t<div class=\"elementor-widget-container\">\n\t\t\t\t\t\t\tMagic Quadrant arac\u0131, \u00fcr\u00fcn tekliflerini pazar performans\u0131na ve yenilik\u00e7ili\u011fine g\u00f6re d\u00f6rt \u00e7eyrekte s\u0131n\u0131fland\u0131r\u0131r: Liderler, Meydan Okuyanlar, Vizyonerler ve Ni\u015f Oyuncular. Magic Quadrant ile \u00fcr\u00fcn\u00fcn\u00fcz\u00fcn pazar konumu hakk\u0131nda bilgi edinebilir, bu da bilin\u00e7li kararlar vermenize ve e-ticaret ortam\u0131nda rekabet\u00e7i kalman\u0131za olanak tan\u0131r.\t\t\t\t\t\t<\/div>\n\t\t\t\t<\/div>\n\t\t\t\t<\/div>\n\t\t\t\t<\/div>\n\t\t<div class=\"elementor-element elementor-element-87ece46 e-con-full e-flex e-con e-child\" data-id=\"87ece46\" data-element_type=\"container\" data-settings=\"{&quot;content_width&quot;:&quot;full&quot;}\">\n\t\t<div class=\"elementor-element elementor-element-55418ec e-con-full e-flex e-con e-child\" data-id=\"55418ec\" data-element_type=\"container\" data-settings=\"{&quot;content_width&quot;:&quot;full&quot;,&quot;background_background&quot;:&quot;classic&quot;}\">\n\t\t\t\t<\/div>\n\t\t<div class=\"elementor-element elementor-element-14cbb80 e-flex e-con-boxed e-con e-child\" data-id=\"14cbb80\" data-element_type=\"container\" data-settings=\"{&quot;content_width&quot;:&quot;boxed&quot;}\">\n\t\t\t\t\t<div class=\"e-con-inner\">\n\t\t\t\t<div class=\"elementor-element elementor-element-a5e8fc4 elementor-widget elementor-widget-heading\" data-id=\"a5e8fc4\" data-element_type=\"widget\" data-widget_type=\"heading.default\">\n\t\t\t\t<div class=\"elementor-widget-container\">\n\t\t\t<h5 class=\"elementor-heading-title elementor-size-default\">Buybox<\/h5>\t\t<\/div>\n\t\t\t\t<\/div>\n\t\t\t\t<div class=\"elementor-element elementor-element-5fe2add elementor-widget elementor-widget-text-editor\" data-id=\"5fe2add\" data-element_type=\"widget\" data-widget_type=\"text-editor.default\">\n\t\t\t\t<div class=\"elementor-widget-container\">\n\t\t\t\t\t\t\tSat\u0131n Alma Kutusu arac\u0131, fiyatland\u0131rma, sipari\u015f kar\u015f\u0131lama y\u00f6ntemleri ve sat\u0131c\u0131 puanlar\u0131 gibi \u00e7e\u015fitli fakt\u00f6rleri de\u011ferlendirerek i\u015fletmelerin stratejilerini optimize etmesine olanak tan\u0131r. Bu \u00f6zellikle, e-ticaret ba\u015far\u0131s\u0131nda \u00f6nemli bir fakt\u00f6r olan Sat\u0131n Alma Kutusunu kazanma \u015fans\u0131n\u0131z\u0131 art\u0131rabilir ve sonu\u00e7ta sat\u0131\u015flar\u0131n\u0131z\u0131 ve platformdaki g\u00f6r\u00fcn\u00fcrl\u00fc\u011f\u00fcn\u00fcz\u00fc art\u0131rabilirsiniz.\t\t\t\t\t\t<\/div>\n\t\t\t\t<\/div>\n\t\t\t\t\t<\/div>\n\t\t\t\t<\/div>\n\t\t\t\t<\/div>\n\t\t<div class=\"elementor-element elementor-element-c24c150 e-con-full e-flex e-con e-child\" data-id=\"c24c150\" data-element_type=\"container\" data-settings=\"{&quot;content_width&quot;:&quot;full&quot;}\">\n\t\t<div class=\"elementor-element elementor-element-3d94f4c e-con-full e-flex e-con e-child\" data-id=\"3d94f4c\" data-element_type=\"container\" data-settings=\"{&quot;content_width&quot;:&quot;full&quot;,&quot;background_background&quot;:&quot;classic&quot;}\">\n\t\t\t\t<\/div>\n\t\t<div class=\"elementor-element elementor-element-43a397f e-flex e-con-boxed e-con e-child\" data-id=\"43a397f\" data-element_type=\"container\" data-settings=\"{&quot;content_width&quot;:&quot;boxed&quot;}\">\n\t\t\t\t\t<div class=\"e-con-inner\">\n\t\t\t\t<div class=\"elementor-element elementor-element-73c1669 elementor-widget elementor-widget-heading\" data-id=\"73c1669\" data-element_type=\"widget\" data-widget_type=\"heading.default\">\n\t\t\t\t<div class=\"elementor-widget-container\">\n\t\t\t<h5 class=\"elementor-heading-title elementor-size-default\">\u00dcr\u00fcn Ayak \u0130zi<\/h5>\t\t<\/div>\n\t\t\t\t<\/div>\n\t\t\t\t<div class=\"elementor-element elementor-element-9e70255 elementor-widget elementor-widget-text-editor\" data-id=\"9e70255\" data-element_type=\"widget\" data-widget_type=\"text-editor.default\">\n\t\t\t\t<div class=\"elementor-widget-container\">\n\t\t\t\t\t\t\t\u00dcr\u00fcn Ayak \u0130zi, g\u00f6r\u00fcn\u00fcrl\u00fck, m\u00fc\u015fteri etkile\u015fimi ve pazara n\u00fcfuz etme gibi bir \u00fcr\u00fcn\u00fcn varl\u0131\u011f\u0131n\u0131n \u00e7e\u015fitli boyutlar\u0131n\u0131 de\u011ferlendirir. \u00dcr\u00fcn Ayak \u0130zi ile \u00fcr\u00fcnlerinizin e-ticaret ortam\u0131nda ne kadar iyi performans g\u00f6sterdi\u011fine ili\u015fkin bilgiler edinebilir ve eri\u015fiminizi ve etkinizi geni\u015fletmek, sonu\u00e7ta sat\u0131\u015flar\u0131 ve b\u00fcy\u00fcmeyi art\u0131rmak i\u00e7in bilin\u00e7li kararlar alabilirsiniz.\t\t\t\t\t\t<\/div>\n\t\t\t\t<\/div>\n\t\t\t\t\t<\/div>\n\t\t\t\t<\/div>\n\t\t\t\t<\/div>\n\t\t<div class=\"elementor-element elementor-element-61456a9 e-con-full e-flex e-con e-child\" data-id=\"61456a9\" data-element_type=\"container\" data-settings=\"{&quot;content_width&quot;:&quot;full&quot;}\">\n\t\t<div class=\"elementor-element elementor-element-bab4226 e-con-full e-flex e-con e-child\" data-id=\"bab4226\" data-element_type=\"container\" data-settings=\"{&quot;content_width&quot;:&quot;full&quot;,&quot;background_background&quot;:&quot;classic&quot;}\">\n\t\t\t\t<\/div>\n\t\t<div class=\"elementor-element elementor-element-35f6152 e-flex e-con-boxed e-con e-child\" data-id=\"35f6152\" data-element_type=\"container\" data-settings=\"{&quot;content_width&quot;:&quot;boxed&quot;}\">\n\t\t\t\t\t<div class=\"e-con-inner\">\n\t\t\t\t<div class=\"elementor-element elementor-element-98bc7cd elementor-widget elementor-widget-heading\" data-id=\"98bc7cd\" data-element_type=\"widget\" data-widget_type=\"heading.default\">\n\t\t\t\t<div class=\"elementor-widget-container\">\n\t\t\t<h5 class=\"elementor-heading-title elementor-size-default\">Fiyat Analizi<\/h5>\t\t<\/div>\n\t\t\t\t<\/div>\n\t\t\t\t<div class=\"elementor-element elementor-element-d1d7d0f elementor-widget elementor-widget-text-editor\" data-id=\"d1d7d0f\" data-element_type=\"widget\" data-widget_type=\"text-editor.default\">\n\t\t\t\t<div class=\"elementor-widget-container\">\n\t\t\t\t\t\t\tFiyat Analizi arac\u0131, rekabet g\u00fcc\u00fc, fiyat esnekli\u011fi ve tarihsel e\u011filimler gibi fiyatland\u0131rman\u0131n \u00e7e\u015fitli y\u00f6nlerini inceler. Fiyat Analizi ile, rekabet\u00e7i kalmak, k\u00e2rl\u0131l\u0131\u011f\u0131 en \u00fcst d\u00fczeye \u00e7\u0131karmak ve m\u00fc\u015fteri beklentilerini daha iyi kar\u015f\u0131lamak i\u00e7in bilin\u00e7li kararlar vermenize olanak tan\u0131yan fiyatland\u0131rma dinamiklerine ili\u015fkin \u00e7ok de\u011ferli bilgiler edinebilirsiniz.\t\t\t\t\t\t<\/div>\n\t\t\t\t<\/div>\n\t\t\t\t\t<\/div>\n\t\t\t\t<\/div>\n\t\t\t\t<\/div>\n\t\t<div class=\"elementor-element elementor-element-3c573f2 e-con-full e-flex e-con e-child\" data-id=\"3c573f2\" data-element_type=\"container\" data-settings=\"{&quot;content_width&quot;:&quot;full&quot;}\">\n\t\t<div class=\"elementor-element elementor-element-4c11b09 e-con-full e-flex e-con e-child\" data-id=\"4c11b09\" data-element_type=\"container\" data-settings=\"{&quot;content_width&quot;:&quot;full&quot;,&quot;background_background&quot;:&quot;classic&quot;}\">\n\t\t\t\t<\/div>\n\t\t<div class=\"elementor-element elementor-element-1e1e9ff e-flex e-con-boxed e-con e-child\" data-id=\"1e1e9ff\" data-element_type=\"container\" data-settings=\"{&quot;content_width&quot;:&quot;boxed&quot;}\">\n\t\t\t\t\t<div class=\"e-con-inner\">\n\t\t\t\t<div class=\"elementor-element elementor-element-98109cb elementor-widget elementor-widget-heading\" data-id=\"98109cb\" data-element_type=\"widget\" data-widget_type=\"heading.default\">\n\t\t\t\t<div class=\"elementor-widget-container\">\n\t\t\t<h5 class=\"elementor-heading-title elementor-size-default\">Arama Performans\u0131<\/h5>\t\t<\/div>\n\t\t\t\t<\/div>\n\t\t\t\t<div class=\"elementor-element elementor-element-098efb1 elementor-widget elementor-widget-text-editor\" data-id=\"098efb1\" data-element_type=\"widget\" data-widget_type=\"text-editor.default\">\n\t\t\t\t<div class=\"elementor-widget-container\">\n\t\t\t\t\t\t\tArama Performans\u0131 arac\u0131, anahtar kelime optimizasyonu, arama s\u0131ralamas\u0131, t\u0131klama oranlar\u0131 ve d\u00f6n\u00fc\u015f\u00fcm oranlar\u0131 gibi fakt\u00f6rleri de\u011ferlendirir. Arama Performans\u0131 ile \u00fcr\u00fcnlerinizin aramada nas\u0131l performans g\u00f6sterdi\u011fine ili\u015fkin de\u011ferli bilgiler elde edebilirsiniz; bu da stratejileri hassasla\u015ft\u0131rman\u0131za ve arama g\u00f6r\u00fcn\u00fcrl\u00fc\u011f\u00fcn\u00fc geli\u015ftirmenize, sonu\u00e7ta \u00e7evrimi\u00e7i sat\u0131\u015flar\u0131n\u0131 ve m\u00fc\u015fteri kat\u0131l\u0131m\u0131n\u0131 art\u0131rman\u0131za olanak tan\u0131r.\t\t\t\t\t\t<\/div>\n\t\t\t\t<\/div>\n\t\t\t\t\t<\/div>\n\t\t\t\t<\/div>\n\t\t\t\t<\/div>\n\t\t<div class=\"elementor-element elementor-element-147208c e-con-full e-flex e-con e-child\" data-id=\"147208c\" data-element_type=\"container\" data-settings=\"{&quot;content_width&quot;:&quot;full&quot;}\">\n\t\t<div class=\"elementor-element elementor-element-b106708 e-con-full e-flex e-con e-child\" data-id=\"b106708\" data-element_type=\"container\" data-settings=\"{&quot;content_width&quot;:&quot;full&quot;,&quot;background_background&quot;:&quot;classic&quot;}\">\n\t\t\t\t<\/div>\n\t\t<div class=\"elementor-element elementor-element-c8f049f e-flex e-con-boxed e-con e-child\" data-id=\"c8f049f\" data-element_type=\"container\" data-settings=\"{&quot;content_width&quot;:&quot;boxed&quot;}\">\n\t\t\t\t\t<div class=\"e-con-inner\">\n\t\t\t\t<div class=\"elementor-element elementor-element-408fd55 elementor-widget elementor-widget-heading\" data-id=\"408fd55\" data-element_type=\"widget\" data-widget_type=\"heading.default\">\n\t\t\t\t<div class=\"elementor-widget-container\">\n\t\t\t<h5 class=\"elementor-heading-title elementor-size-default\">\u00dcr\u00fcn Puan\u0131<\/h5>\t\t<\/div>\n\t\t\t\t<\/div>\n\t\t\t\t<div class=\"elementor-element elementor-element-aabb304 elementor-widget elementor-widget-text-editor\" data-id=\"aabb304\" data-element_type=\"widget\" data-widget_type=\"text-editor.default\">\n\t\t\t\t<div class=\"elementor-widget-container\">\n\t\t\t\t\t\t\t\u00dcr\u00fcn Derecelendirme Puan\u0131 arac\u0131, m\u00fc\u015fteri geri bildirimleri, \u00fcr\u00fcn derecelendirmeleri ve duyarl\u0131l\u0131k analizi gibi hususlar\u0131 de\u011ferlendirir. \u00dcr\u00fcn Derecelendirme Puan\u0131 ile \u00fcr\u00fcn itibar\u0131 ve m\u00fc\u015fteri memnuniyeti hakk\u0131nda de\u011ferli bilgiler edinebilir, bu da \u00fcr\u00fcnleri geli\u015ftirmek ve potansiyel m\u00fc\u015fterilerde g\u00fcven olu\u015fturmak i\u00e7in bilin\u00e7li kararlar vermenize olanak tan\u0131r.\t\t\t\t\t\t<\/div>\n\t\t\t\t<\/div>\n\t\t\t\t\t<\/div>\n\t\t\t\t<\/div>\n\t\t\t\t<\/div>\n\t\t\t\t\t<\/div>\n\t\t\t\t<\/div>\n\t\t\t\t\t\t\t<\/div>","protected":false},"excerpt":{"rendered":"<p>Harness the power of data Unveil insights with our advanced analytics solutions Magic Quadrant The Magic Quadrant tool categorizes product offerings into four quadrants based on their market performance&#8230;<\/p>","protected":false},"author":1,"featured_media":0,"parent":12,"menu_order":0,"comment_status":"closed","ping_status":"closed","template":"","meta":{"footnotes":""},"class_list":["post-68","page","type-page","status-publish","hentry"],"yoast_head":"<!-- This site is optimized with the Yoast SEO plugin v21.4 - https:\/\/yoast.com\/wordpress\/plugins\/seo\/ -->\r\n<title>Harness the Power of Data - Commersee<\/title>\r\n<meta name=\"description\" content=\"Unveil insights with our advanced analytics solutions: Magic Quadrant, Buybox Report, Product Footprint, Price Analysis, Search Performance...\" \/>\r\n<meta name=\"robots\" content=\"index, follow, max-snippet:-1, max-image-preview:large, max-video-preview:-1\" \/>\r\n<link rel=\"canonical\" href=\"https:\/\/www.commersee.com\/tr\/product\/solutions\/\" \/>\r\n<meta property=\"og:locale\" content=\"tr_TR\" \/>\r\n<meta property=\"og:type\" content=\"article\" \/>\r\n<meta property=\"og:title\" content=\"Harness the Power of Data - Commersee\" \/>\r\n<meta property=\"og:description\" content=\"Unveil insights with our advanced analytics solutions: Magic Quadrant, Buybox Report, Product Footprint, Price Analysis, Search Performance...\" \/>\r\n<meta property=\"og:url\" content=\"https:\/\/www.commersee.com\/tr\/product\/solutions\/\" \/>\r\n<meta property=\"og:site_name\" content=\"Commersee\" \/>\r\n<meta property=\"article:modified_time\" content=\"2023-10-29T08:44:12+00:00\" \/>\r\n<meta property=\"og:image\" content=\"https:\/\/www.commersee.com\/wp-content\/uploads\/2023\/10\/Group-4671.png\" \/>\r\n\t<meta property=\"og:image:width\" content=\"1218\" \/>\r\n\t<meta property=\"og:image:height\" content=\"682\" \/>\r\n\t<meta property=\"og:image:type\" content=\"image\/png\" \/>\r\n<meta name=\"twitter:card\" content=\"summary_large_image\" \/>\r\n<meta name=\"twitter:label1\" content=\"Tahmini okuma s\u00fcresi\" \/>\n\t<meta name=\"twitter:data1\" content=\"2 dakika\" \/>\r\n<script type=\"application\/ld+json\" class=\"yoast-schema-graph\">{\"@context\":\"https:\/\/schema.org\",\"@graph\":[{\"@type\":\"WebPage\",\"@id\":\"https:\/\/www.commersee.com\/product\/solutions\/\",\"url\":\"https:\/\/www.commersee.com\/product\/solutions\/\",\"name\":\"Harness the Power of Data - Commersee\",\"isPartOf\":{\"@id\":\"https:\/\/www.commersee.com\/#website\"},\"datePublished\":\"2023-10-05T07:25:03+00:00\",\"dateModified\":\"2023-10-29T08:44:12+00:00\",\"description\":\"Unveil insights with our advanced analytics solutions: Magic Quadrant, Buybox Report, Product Footprint, Price Analysis, Search Performance...\",\"breadcrumb\":{\"@id\":\"https:\/\/www.commersee.com\/product\/solutions\/#breadcrumb\"},\"inLanguage\":\"tr\",\"potentialAction\":[{\"@type\":\"ReadAction\",\"target\":[\"https:\/\/www.commersee.com\/product\/solutions\/\"]}]},{\"@type\":\"BreadcrumbList\",\"@id\":\"https:\/\/www.commersee.com\/product\/solutions\/#breadcrumb\",\"itemListElement\":[{\"@type\":\"ListItem\",\"position\":1,\"name\":\"Home\",\"item\":\"https:\/\/www.commersee.com\/\"},{\"@type\":\"ListItem\",\"position\":2,\"name\":\"Product\",\"item\":\"https:\/\/www.commersee.com\/product\/\"},{\"@type\":\"ListItem\",\"position\":3,\"name\":\"Solutions\"}]},{\"@type\":\"WebSite\",\"@id\":\"https:\/\/www.commersee.com\/#website\",\"url\":\"https:\/\/www.commersee.com\/\",\"name\":\"Commersee\",\"description\":\"Measure The Unseen\",\"publisher\":{\"@id\":\"https:\/\/www.commersee.com\/#organization\"},\"potentialAction\":[{\"@type\":\"SearchAction\",\"target\":{\"@type\":\"EntryPoint\",\"urlTemplate\":\"https:\/\/www.commersee.com\/?s={search_term_string}\"},\"query-input\":\"required name=search_term_string\"}],\"inLanguage\":\"tr\"},{\"@type\":\"Organization\",\"@id\":\"https:\/\/www.commersee.com\/#organization\",\"name\":\"Commersee\",\"url\":\"https:\/\/www.commersee.com\/\",\"logo\":{\"@type\":\"ImageObject\",\"inLanguage\":\"tr\",\"@id\":\"https:\/\/www.commersee.com\/#\/schema\/logo\/image\/\",\"url\":\"https:\/\/www.commersee.com\/wp-content\/uploads\/2023\/10\/Group-3549.png\",\"contentUrl\":\"https:\/\/www.commersee.com\/wp-content\/uploads\/2023\/10\/Group-3549.png\",\"width\":241,\"height\":34,\"caption\":\"Commersee\"},\"image\":{\"@id\":\"https:\/\/www.commersee.com\/#\/schema\/logo\/image\/\"},\"sameAs\":[\"https:\/\/www.linkedin.com\/company\/commersee\/\",\"https:\/\/www.instagram.com\/commerseeturkiye\/?igshid=OGQ5ZDc2ODk2ZA\",\"https:\/\/www.youtube.com\/@CommerseeTurkiye\"]}]}<\/script>\r\n<!-- \/ Yoast SEO plugin. -->","yoast_head_json":{"title":"Harness the Power of Data - Commersee","description":"Unveil insights with our advanced analytics solutions: Magic Quadrant, Buybox Report, Product Footprint, Price Analysis, Search Performance...","robots":{"index":"index","follow":"follow","max-snippet":"max-snippet:-1","max-image-preview":"max-image-preview:large","max-video-preview":"max-video-preview:-1"},"canonical":"https:\/\/www.commersee.com\/tr\/product\/solutions\/","og_locale":"tr_TR","og_type":"article","og_title":"Harness the Power of Data - Commersee","og_description":"Unveil insights with our advanced analytics solutions: Magic Quadrant, Buybox Report, Product Footprint, Price Analysis, Search Performance...","og_url":"https:\/\/www.commersee.com\/tr\/product\/solutions\/","og_site_name":"Commersee","article_modified_time":"2023-10-29T08:44:12+00:00","og_image":[{"width":1218,"height":682,"url":"https:\/\/www.commersee.com\/wp-content\/uploads\/2023\/10\/Group-4671.png","type":"image\/png"}],"twitter_card":"summary_large_image","twitter_misc":{"Tahmini okuma s\u00fcresi":"2 dakika"},"schema":{"@context":"https:\/\/schema.org","@graph":[{"@type":"WebPage","@id":"https:\/\/www.commersee.com\/product\/solutions\/","url":"https:\/\/www.commersee.com\/product\/solutions\/","name":"Harness the Power of Data - Commersee","isPartOf":{"@id":"https:\/\/www.commersee.com\/#website"},"datePublished":"2023-10-05T07:25:03+00:00","dateModified":"2023-10-29T08:44:12+00:00","description":"Unveil insights with our advanced analytics solutions: Magic Quadrant, Buybox Report, Product Footprint, Price Analysis, Search Performance...","breadcrumb":{"@id":"https:\/\/www.commersee.com\/product\/solutions\/#breadcrumb"},"inLanguage":"tr","potentialAction":[{"@type":"ReadAction","target":["https:\/\/www.commersee.com\/product\/solutions\/"]}]},{"@type":"BreadcrumbList","@id":"https:\/\/www.commersee.com\/product\/solutions\/#breadcrumb","itemListElement":[{"@type":"ListItem","position":1,"name":"Home","item":"https:\/\/www.commersee.com\/"},{"@type":"ListItem","position":2,"name":"Product","item":"https:\/\/www.commersee.com\/product\/"},{"@type":"ListItem","position":3,"name":"Solutions"}]},{"@type":"WebSite","@id":"https:\/\/www.commersee.com\/#website","url":"https:\/\/www.commersee.com\/","name":"Commersee","description":"Measure The Unseen","publisher":{"@id":"https:\/\/www.commersee.com\/#organization"},"potentialAction":[{"@type":"SearchAction","target":{"@type":"EntryPoint","urlTemplate":"https:\/\/www.commersee.com\/?s={search_term_string}"},"query-input":"required name=search_term_string"}],"inLanguage":"tr"},{"@type":"Organization","@id":"https:\/\/www.commersee.com\/#organization","name":"Commersee","url":"https:\/\/www.commersee.com\/","logo":{"@type":"ImageObject","inLanguage":"tr","@id":"https:\/\/www.commersee.com\/#\/schema\/logo\/image\/","url":"https:\/\/www.commersee.com\/wp-content\/uploads\/2023\/10\/Group-3549.png","contentUrl":"https:\/\/www.commersee.com\/wp-content\/uploads\/2023\/10\/Group-3549.png","width":241,"height":34,"caption":"Commersee"},"image":{"@id":"https:\/\/www.commersee.com\/#\/schema\/logo\/image\/"},"sameAs":["https:\/\/www.linkedin.com\/company\/commersee\/","https:\/\/www.instagram.com\/commerseeturkiye\/?igshid=OGQ5ZDc2ODk2ZA","https:\/\/www.youtube.com\/@CommerseeTurkiye"]}]}},"_links":{"self":[{"href":"https:\/\/www.commersee.com\/tr\/wp-json\/wp\/v2\/pages\/68","targetHints":{"allow":["GET"]}}],"collection":[{"href":"https:\/\/www.commersee.com\/tr\/wp-json\/wp\/v2\/pages"}],"about":[{"href":"https:\/\/www.commersee.com\/tr\/wp-json\/wp\/v2\/types\/page"}],"author":[{"embeddable":true,"href":"https:\/\/www.commersee.com\/tr\/wp-json\/wp\/v2\/users\/1"}],"replies":[{"embeddable":true,"href":"https:\/\/www.commersee.com\/tr\/wp-json\/wp\/v2\/comments?post=68"}],"version-history":[{"count":60,"href":"https:\/\/www.commersee.com\/tr\/wp-json\/wp\/v2\/pages\/68\/revisions"}],"predecessor-version":[{"id":1385,"href":"https:\/\/www.commersee.com\/tr\/wp-json\/wp\/v2\/pages\/68\/revisions\/1385"}],"up":[{"embeddable":true,"href":"https:\/\/www.commersee.com\/tr\/wp-json\/wp\/v2\/pages\/12"}],"wp:attachment":[{"href":"https:\/\/www.commersee.com\/tr\/wp-json\/wp\/v2\/media?parent=68"}],"curies":[{"name":"wp","href":"https:\/\/api.w.org\/{rel}","templated":true}]}}