{"id":178,"date":"2023-10-05T14:32:38","date_gmt":"2023-10-05T11:32:38","guid":{"rendered":"https:\/\/landing.commersee.com\/?page_id=178"},"modified":"2023-10-30T09:16:27","modified_gmt":"2023-10-30T06:16:27","slug":"how-it-works","status":"publish","type":"page","link":"https:\/\/www.commersee.com\/tr\/product\/how-it-works\/","title":{"rendered":"Nas\u0131l \u00c7al\u0131\u015f\u0131r"},"content":{"rendered":"<div data-elementor-type=\"wp-page\" data-elementor-id=\"178\" class=\"elementor elementor-178\">\n\t\t\t\t\t\t\t<div class=\"elementor-element elementor-element-3f963d9 e-flex e-con-boxed e-con e-parent\" data-id=\"3f963d9\" data-element_type=\"container\" data-settings=\"{&quot;content_width&quot;:&quot;boxed&quot;}\" data-core-v316-plus=\"true\">\n\t\t\t\t\t<div class=\"e-con-inner\">\n\t\t\t\t<div class=\"elementor-element elementor-element-915a647 elementor-widget elementor-widget-heading\" data-id=\"915a647\" data-element_type=\"widget\" data-widget_type=\"heading.default\">\n\t\t\t\t<div class=\"elementor-widget-container\">\n\t\t\t<h2 class=\"elementor-heading-title elementor-size-default\">Commersee Nas\u0131l \u00c7al\u0131\u015f\u0131r?<\/h2>\t\t<\/div>\n\t\t\t\t<\/div>\n\t\t\t\t<div class=\"elementor-element elementor-element-0b8e3e9 elementor-widget elementor-widget-spacer\" data-id=\"0b8e3e9\" data-element_type=\"widget\" data-widget_type=\"spacer.default\">\n\t\t\t\t<div class=\"elementor-widget-container\">\n\t\t\t\t\t<div class=\"elementor-spacer\">\n\t\t\t<div class=\"elementor-spacer-inner\"><\/div>\n\t\t<\/div>\n\t\t\t\t<\/div>\n\t\t\t\t<\/div>\n\t\t\t\t\t<\/div>\n\t\t\t\t<\/div>\n\t\t<div class=\"elementor-element elementor-element-c458fa0 e-flex e-con-boxed e-con e-parent\" data-id=\"c458fa0\" data-element_type=\"container\" data-settings=\"{&quot;content_width&quot;:&quot;boxed&quot;}\" data-core-v316-plus=\"true\">\n\t\t\t\t\t<div class=\"e-con-inner\">\n\t\t\t\t<div class=\"elementor-element elementor-element-8606296 elementor-widget elementor-widget-heading\" data-id=\"8606296\" data-element_type=\"widget\" data-widget_type=\"heading.default\">\n\t\t\t\t<div class=\"elementor-widget-container\">\n\t\t\t<h5 class=\"elementor-heading-title elementor-size-default\">Commersee, karma\u015f\u0131k veri ak\u0131\u015flar\u0131n\u0131 anla\u015f\u0131labilir, eyleme odakl\u0131 analizlere d\u00f6n\u00fc\u015ft\u00fcr\u00fcr ve gizli f\u0131rsatlar\u0131 ortaya \u00e7\u0131kar\u0131r.<\/h5>\t\t<\/div>\n\t\t\t\t<\/div>\n\t\t\t\t\t<\/div>\n\t\t\t\t<\/div>\n\t\t<div class=\"elementor-element elementor-element-3ab0df1 e-flex e-con-boxed e-con e-parent\" data-id=\"3ab0df1\" data-element_type=\"container\" data-settings=\"{&quot;content_width&quot;:&quot;boxed&quot;}\" data-core-v316-plus=\"true\">\n\t\t\t\t\t<div class=\"e-con-inner\">\n\t\t\t\t\t<\/div>\n\t\t\t\t<\/div>\n\t\t<div class=\"elementor-element elementor-element-e726843 e-con-full e-flex e-con e-parent\" data-id=\"e726843\" data-element_type=\"container\" data-settings=\"{&quot;content_width&quot;:&quot;full&quot;}\" data-core-v316-plus=\"true\">\n\t\t\t\t<div class=\"elementor-element elementor-element-a0e8de3 elementor-widget elementor-widget-heading\" data-id=\"a0e8de3\" data-element_type=\"widget\" data-widget_type=\"heading.default\">\n\t\t\t\t<div class=\"elementor-widget-container\">\n\t\t\t<h2 class=\"elementor-heading-title elementor-size-default\">Veri<\/h2>\t\t<\/div>\n\t\t\t\t<\/div>\n\t\t<div class=\"elementor-element elementor-element-75a5266 e-con-full e-flex e-con e-child\" data-id=\"75a5266\" data-element_type=\"container\" data-settings=\"{&quot;background_background&quot;:&quot;classic&quot;,&quot;content_width&quot;:&quot;full&quot;}\">\n\t\t\t\t<\/div>\n\t\t\t\t<div class=\"elementor-element elementor-element-9060968 elementor-widget elementor-widget-heading\" data-id=\"9060968\" data-element_type=\"widget\" data-widget_type=\"heading.default\">\n\t\t\t\t<div class=\"elementor-widget-container\">\n\t\t\t<h2 class=\"elementor-heading-title elementor-size-default\">Analitik b\u00fcy\u00fcmeyi desteklemek i\u00e7in \u00f6nemli \u00f6rneklerin anl\u0131k g\u00f6r\u00fcnt\u00fclerini yakal\u0131yor ve verileri topluyoruz<\/h2>\t\t<\/div>\n\t\t\t\t<\/div>\n\t\t\t\t<\/div>\n\t\t<div class=\"elementor-element elementor-element-033b5f0 e-con-full e-flex e-con e-parent\" data-id=\"033b5f0\" data-element_type=\"container\" data-settings=\"{&quot;content_width&quot;:&quot;full&quot;}\" data-core-v316-plus=\"true\">\n\t\t\t\t<\/div>\n\t\t<div class=\"elementor-element elementor-element-2eeac49 e-con-full e-flex e-con e-parent\" data-id=\"2eeac49\" data-element_type=\"container\" data-settings=\"{&quot;content_width&quot;:&quot;full&quot;}\" data-core-v316-plus=\"true\">\n\t\t\t\t<div class=\"elementor-element elementor-element-6614d6c elementor-widget elementor-widget-heading\" data-id=\"6614d6c\" data-element_type=\"widget\" data-widget_type=\"heading.default\">\n\t\t\t\t<div class=\"elementor-widget-container\">\n\t\t\t<h2 class=\"elementor-heading-title elementor-size-default\">Do\u011frulama<\/h2>\t\t<\/div>\n\t\t\t\t<\/div>\n\t\t<div class=\"elementor-element elementor-element-8636997 e-flex e-con-boxed e-con e-child\" data-id=\"8636997\" data-element_type=\"container\" data-settings=\"{&quot;background_background&quot;:&quot;classic&quot;,&quot;content_width&quot;:&quot;boxed&quot;}\">\n\t\t\t\t\t<div class=\"e-con-inner\">\n\t\t\t\t\t<\/div>\n\t\t\t\t<\/div>\n\t\t\t\t<div class=\"elementor-element elementor-element-be624ab elementor-widget elementor-widget-heading\" data-id=\"be624ab\" data-element_type=\"widget\" data-widget_type=\"heading.default\">\n\t\t\t\t<div class=\"elementor-widget-container\">\n\t\t\t<h2 class=\"elementor-heading-title elementor-size-default\">Kullan\u0131c\u0131 dostu bir aray\u00fcz tasar\u0131m\u0131 i\u00e7erir. T\u00fcm raporlar\u0131 tek platformda topluyoruz<\/h2>\t\t<\/div>\n\t\t\t\t<\/div>\n\t\t\t\t<\/div>\n\t\t<div class=\"elementor-element elementor-element-ed70c0d e-flex e-con-boxed e-con e-parent\" data-id=\"ed70c0d\" data-element_type=\"container\" data-settings=\"{&quot;content_width&quot;:&quot;boxed&quot;}\" data-core-v316-plus=\"true\">\n\t\t\t\t\t<div class=\"e-con-inner\">\n\t\t\t\t\t<\/div>\n\t\t\t\t<\/div>\n\t\t<div class=\"elementor-element elementor-element-ea4e888 e-con-full e-flex e-con e-parent\" data-id=\"ea4e888\" data-element_type=\"container\" data-settings=\"{&quot;content_width&quot;:&quot;full&quot;}\" data-core-v316-plus=\"true\">\n\t\t\t\t<div class=\"elementor-element elementor-element-16234bb elementor-widget elementor-widget-heading\" data-id=\"16234bb\" data-element_type=\"widget\" data-widget_type=\"heading.default\">\n\t\t\t\t<div class=\"elementor-widget-container\">\n\t\t\t<h2 class=\"elementor-heading-title elementor-size-default\">Analiz<\/h2>\t\t<\/div>\n\t\t\t\t<\/div>\n\t\t<div class=\"elementor-element elementor-element-ea62062 e-flex e-con-boxed e-con e-child\" data-id=\"ea62062\" data-element_type=\"container\" data-settings=\"{&quot;background_background&quot;:&quot;classic&quot;,&quot;content_width&quot;:&quot;boxed&quot;}\">\n\t\t\t\t\t<div class=\"e-con-inner\">\n\t\t\t\t\t<\/div>\n\t\t\t\t<\/div>\n\t\t\t\t<div class=\"elementor-element elementor-element-273053b elementor-widget elementor-widget-heading\" data-id=\"273053b\" data-element_type=\"widget\" data-widget_type=\"heading.default\">\n\t\t\t\t<div class=\"elementor-widget-container\">\n\t\t\t<h2 class=\"elementor-heading-title elementor-size-default\">Algoritmalar kullanarak, \u00f6l\u00e7t\u00fc\u011f\u00fcm\u00fcz verileri anla\u015f\u0131l\u0131r ve uygulanabilir raporlar olu\u015fturmak i\u00e7in i\u015fleriz<\/h2>\t\t<\/div>\n\t\t\t\t<\/div>\n\t\t\t\t<\/div>\n\t\t<div class=\"elementor-element elementor-element-4bca6ed e-flex e-con-boxed e-con e-parent\" data-id=\"4bca6ed\" data-element_type=\"container\" data-settings=\"{&quot;content_width&quot;:&quot;boxed&quot;}\" data-core-v316-plus=\"true\">\n\t\t\t\t\t<div class=\"e-con-inner\">\n\t\t\t\t\t<\/div>\n\t\t\t\t<\/div>\n\t\t<div class=\"elementor-element elementor-element-7c11465 e-con-full e-flex e-con e-parent\" data-id=\"7c11465\" data-element_type=\"container\" data-settings=\"{&quot;content_width&quot;:&quot;full&quot;}\" data-core-v316-plus=\"true\">\n\t\t\t\t<div class=\"elementor-element elementor-element-0b2ec8b elementor-widget elementor-widget-heading\" data-id=\"0b2ec8b\" data-element_type=\"widget\" data-widget_type=\"heading.default\">\n\t\t\t\t<div class=\"elementor-widget-container\">\n\t\t\t<h2 class=\"elementor-heading-title elementor-size-default\">Madencilik<\/h2>\t\t<\/div>\n\t\t\t\t<\/div>\n\t\t<div class=\"elementor-element elementor-element-9d8a61d e-flex e-con-boxed e-con e-child\" data-id=\"9d8a61d\" data-element_type=\"container\" data-settings=\"{&quot;background_background&quot;:&quot;classic&quot;,&quot;content_width&quot;:&quot;boxed&quot;}\">\n\t\t\t\t\t<div class=\"e-con-inner\">\n\t\t\t\t\t<\/div>\n\t\t\t\t<\/div>\n\t\t\t\t<\/div>\n\t\t<div class=\"elementor-element elementor-element-8efcd1c e-flex e-con-boxed e-con e-parent\" data-id=\"8efcd1c\" data-element_type=\"container\" data-settings=\"{&quot;content_width&quot;:&quot;boxed&quot;}\" data-core-v316-plus=\"true\">\n\t\t\t\t\t<div class=\"e-con-inner\">\n\t\t\t\t\t<\/div>\n\t\t\t\t<\/div>\n\t\t<div class=\"elementor-element elementor-element-cb7d2ca e-con-full e-flex e-con e-parent\" data-id=\"cb7d2ca\" data-element_type=\"container\" data-settings=\"{&quot;content_width&quot;:&quot;full&quot;}\" data-core-v316-plus=\"true\">\n\t\t\t\t<div class=\"elementor-element elementor-element-c898a56 elementor-widget elementor-widget-heading\" data-id=\"c898a56\" data-element_type=\"widget\" data-widget_type=\"heading.default\">\n\t\t\t\t<div class=\"elementor-widget-container\">\n\t\t\t<h2 class=\"elementor-heading-title elementor-size-default\">AI<\/h2>\t\t<\/div>\n\t\t\t\t<\/div>\n\t\t<div class=\"elementor-element elementor-element-b4bae36 e-flex e-con-boxed e-con e-child\" data-id=\"b4bae36\" data-element_type=\"container\" data-settings=\"{&quot;background_background&quot;:&quot;classic&quot;,&quot;content_width&quot;:&quot;boxed&quot;}\">\n\t\t\t\t\t<div class=\"e-con-inner\">\n\t\t\t\t\t<\/div>\n\t\t\t\t<\/div>\n\t\t\t\t<div class=\"elementor-element elementor-element-7815600 elementor-widget elementor-widget-heading\" data-id=\"7815600\" data-element_type=\"widget\" data-widget_type=\"heading.default\">\n\t\t\t\t<div class=\"elementor-widget-container\">\n\t\t\t<h2 class=\"elementor-heading-title elementor-size-default\">Veri madencili\u011fi kullanarak g\u00f6r\u00fcnmeyen verileri \u00f6l\u00e7\u00fcyoruz<\/h2>\t\t<\/div>\n\t\t\t\t<\/div>\n\t\t\t\t<\/div>\n\t\t<div class=\"elementor-element elementor-element-10a1a88 e-flex e-con-boxed e-con e-parent\" data-id=\"10a1a88\" data-element_type=\"container\" data-settings=\"{&quot;content_width&quot;:&quot;boxed&quot;}\" data-core-v316-plus=\"true\">\n\t\t\t\t\t<div class=\"e-con-inner\">\n\t\t\t\t\t<\/div>\n\t\t\t\t<\/div>\n\t\t<div class=\"elementor-element elementor-element-de1ac75 e-con-full e-flex e-con e-parent\" data-id=\"de1ac75\" data-element_type=\"container\" data-settings=\"{&quot;content_width&quot;:&quot;full&quot;}\" data-core-v316-plus=\"true\">\n\t\t\t\t<div class=\"elementor-element elementor-element-2072c9a elementor-widget elementor-widget-heading\" data-id=\"2072c9a\" data-element_type=\"widget\" data-widget_type=\"heading.default\">\n\t\t\t\t<div class=\"elementor-widget-container\">\n\t\t\t<h2 class=\"elementor-heading-title elementor-size-default\">Derin G\u00f6r\u00fc\u015f<\/h2>\t\t<\/div>\n\t\t\t\t<\/div>\n\t\t<div class=\"elementor-element elementor-element-b623b69 e-flex e-con-boxed e-con e-child\" data-id=\"b623b69\" data-element_type=\"container\" data-settings=\"{&quot;background_background&quot;:&quot;classic&quot;,&quot;content_width&quot;:&quot;boxed&quot;}\">\n\t\t\t\t\t<div class=\"e-con-inner\">\n\t\t\t\t\t<\/div>\n\t\t\t\t<\/div>\n\t\t\t\t<div class=\"elementor-element elementor-element-c7b78ca elementor-widget elementor-widget-heading\" data-id=\"c7b78ca\" data-element_type=\"widget\" data-widget_type=\"heading.default\">\n\t\t\t\t<div class=\"elementor-widget-container\">\n\t\t\t<h2 class=\"elementor-heading-title elementor-size-default\">\u0130lerlemeyi te\u015fvik etmek i\u00e7in kritik kav\u015faklardaki \u00f6nemli veri noktalar\u0131n\u0131 belgeliyor ve bilgileri topluyoruz.<\/h2>\t\t<\/div>\n\t\t\t\t<\/div>\n\t\t\t\t<\/div>\n\t\t\t\t\t\t\t<\/div>","protected":false},"excerpt":{"rendered":"<p>How Commersee Works ? Commersee transforms complex data streams into clear, actionable insights that reveal hidden opportunities. Data We capture snapshots of pivotal instances and aggregate data to drive&#8230;<\/p>","protected":false},"author":1,"featured_media":0,"parent":12,"menu_order":0,"comment_status":"closed","ping_status":"closed","template":"","meta":{"footnotes":""},"class_list":["post-178","page","type-page","status-publish","hentry"],"yoast_head":"<!-- This site is optimized with the Yoast SEO plugin v21.4 - https:\/\/yoast.com\/wordpress\/plugins\/seo\/ -->\r\n<title>How it works - Commersee<\/title>\r\n<meta name=\"description\" content=\"Commersee transforms complex data streams into clear, actionable insights that reveal hidden opportunities.\" \/>\r\n<meta name=\"robots\" content=\"index, follow, max-snippet:-1, max-image-preview:large, max-video-preview:-1\" \/>\r\n<link rel=\"canonical\" href=\"https:\/\/www.commersee.com\/tr\/product\/how-it-works\/\" \/>\r\n<meta property=\"og:locale\" content=\"tr_TR\" \/>\r\n<meta property=\"og:type\" content=\"article\" \/>\r\n<meta property=\"og:title\" content=\"How it works - Commersee\" \/>\r\n<meta property=\"og:description\" content=\"Commersee transforms complex data streams into clear, actionable insights that reveal hidden opportunities.\" \/>\r\n<meta property=\"og:url\" content=\"https:\/\/www.commersee.com\/tr\/product\/how-it-works\/\" \/>\r\n<meta property=\"og:site_name\" content=\"Commersee\" \/>\r\n<meta property=\"article:modified_time\" content=\"2023-10-30T06:16:27+00:00\" \/>\r\n<meta property=\"og:image\" content=\"https:\/\/www.commersee.com\/wp-content\/uploads\/2023\/10\/Group-4671.png\" \/>\r\n\t<meta property=\"og:image:width\" content=\"1218\" \/>\r\n\t<meta property=\"og:image:height\" content=\"682\" \/>\r\n\t<meta property=\"og:image:type\" content=\"image\/png\" \/>\r\n<meta name=\"twitter:card\" content=\"summary_large_image\" \/>\r\n<meta name=\"twitter:label1\" content=\"Tahmini okuma s\u00fcresi\" \/>\n\t<meta name=\"twitter:data1\" content=\"1 dakika\" \/>\r\n<script type=\"application\/ld+json\" class=\"yoast-schema-graph\">{\"@context\":\"https:\/\/schema.org\",\"@graph\":[{\"@type\":\"WebPage\",\"@id\":\"https:\/\/www.commersee.com\/product\/how-it-works\/\",\"url\":\"https:\/\/www.commersee.com\/product\/how-it-works\/\",\"name\":\"How it works - Commersee\",\"isPartOf\":{\"@id\":\"https:\/\/www.commersee.com\/#website\"},\"datePublished\":\"2023-10-05T11:32:38+00:00\",\"dateModified\":\"2023-10-30T06:16:27+00:00\",\"description\":\"Commersee transforms complex data streams into clear, actionable insights that reveal hidden opportunities.\",\"breadcrumb\":{\"@id\":\"https:\/\/www.commersee.com\/product\/how-it-works\/#breadcrumb\"},\"inLanguage\":\"tr\",\"potentialAction\":[{\"@type\":\"ReadAction\",\"target\":[\"https:\/\/www.commersee.com\/product\/how-it-works\/\"]}]},{\"@type\":\"BreadcrumbList\",\"@id\":\"https:\/\/www.commersee.com\/product\/how-it-works\/#breadcrumb\",\"itemListElement\":[{\"@type\":\"ListItem\",\"position\":1,\"name\":\"Home\",\"item\":\"https:\/\/www.commersee.com\/\"},{\"@type\":\"ListItem\",\"position\":2,\"name\":\"Product\",\"item\":\"https:\/\/www.commersee.com\/product\/\"},{\"@type\":\"ListItem\",\"position\":3,\"name\":\"How it works\"}]},{\"@type\":\"WebSite\",\"@id\":\"https:\/\/www.commersee.com\/#website\",\"url\":\"https:\/\/www.commersee.com\/\",\"name\":\"Commersee\",\"description\":\"Measure The Unseen\",\"publisher\":{\"@id\":\"https:\/\/www.commersee.com\/#organization\"},\"potentialAction\":[{\"@type\":\"SearchAction\",\"target\":{\"@type\":\"EntryPoint\",\"urlTemplate\":\"https:\/\/www.commersee.com\/?s={search_term_string}\"},\"query-input\":\"required name=search_term_string\"}],\"inLanguage\":\"tr\"},{\"@type\":\"Organization\",\"@id\":\"https:\/\/www.commersee.com\/#organization\",\"name\":\"Commersee\",\"url\":\"https:\/\/www.commersee.com\/\",\"logo\":{\"@type\":\"ImageObject\",\"inLanguage\":\"tr\",\"@id\":\"https:\/\/www.commersee.com\/#\/schema\/logo\/image\/\",\"url\":\"https:\/\/www.commersee.com\/wp-content\/uploads\/2023\/10\/Group-3549.png\",\"contentUrl\":\"https:\/\/www.commersee.com\/wp-content\/uploads\/2023\/10\/Group-3549.png\",\"width\":241,\"height\":34,\"caption\":\"Commersee\"},\"image\":{\"@id\":\"https:\/\/www.commersee.com\/#\/schema\/logo\/image\/\"},\"sameAs\":[\"https:\/\/www.linkedin.com\/company\/commersee\/\",\"https:\/\/www.instagram.com\/commerseeturkiye\/?igshid=OGQ5ZDc2ODk2ZA\",\"https:\/\/www.youtube.com\/@CommerseeTurkiye\"]}]}<\/script>\r\n<!-- \/ Yoast SEO plugin. -->","yoast_head_json":{"title":"How it works - Commersee","description":"Commersee transforms complex data streams into clear, actionable insights that reveal hidden opportunities.","robots":{"index":"index","follow":"follow","max-snippet":"max-snippet:-1","max-image-preview":"max-image-preview:large","max-video-preview":"max-video-preview:-1"},"canonical":"https:\/\/www.commersee.com\/tr\/product\/how-it-works\/","og_locale":"tr_TR","og_type":"article","og_title":"How it works - Commersee","og_description":"Commersee transforms complex data streams into clear, actionable insights that reveal hidden opportunities.","og_url":"https:\/\/www.commersee.com\/tr\/product\/how-it-works\/","og_site_name":"Commersee","article_modified_time":"2023-10-30T06:16:27+00:00","og_image":[{"width":1218,"height":682,"url":"https:\/\/www.commersee.com\/wp-content\/uploads\/2023\/10\/Group-4671.png","type":"image\/png"}],"twitter_card":"summary_large_image","twitter_misc":{"Tahmini okuma s\u00fcresi":"1 dakika"},"schema":{"@context":"https:\/\/schema.org","@graph":[{"@type":"WebPage","@id":"https:\/\/www.commersee.com\/product\/how-it-works\/","url":"https:\/\/www.commersee.com\/product\/how-it-works\/","name":"How it works - Commersee","isPartOf":{"@id":"https:\/\/www.commersee.com\/#website"},"datePublished":"2023-10-05T11:32:38+00:00","dateModified":"2023-10-30T06:16:27+00:00","description":"Commersee transforms complex data streams into clear, actionable insights that reveal hidden opportunities.","breadcrumb":{"@id":"https:\/\/www.commersee.com\/product\/how-it-works\/#breadcrumb"},"inLanguage":"tr","potentialAction":[{"@type":"ReadAction","target":["https:\/\/www.commersee.com\/product\/how-it-works\/"]}]},{"@type":"BreadcrumbList","@id":"https:\/\/www.commersee.com\/product\/how-it-works\/#breadcrumb","itemListElement":[{"@type":"ListItem","position":1,"name":"Home","item":"https:\/\/www.commersee.com\/"},{"@type":"ListItem","position":2,"name":"Product","item":"https:\/\/www.commersee.com\/product\/"},{"@type":"ListItem","position":3,"name":"How it works"}]},{"@type":"WebSite","@id":"https:\/\/www.commersee.com\/#website","url":"https:\/\/www.commersee.com\/","name":"Commersee","description":"Measure The Unseen","publisher":{"@id":"https:\/\/www.commersee.com\/#organization"},"potentialAction":[{"@type":"SearchAction","target":{"@type":"EntryPoint","urlTemplate":"https:\/\/www.commersee.com\/?s={search_term_string}"},"query-input":"required name=search_term_string"}],"inLanguage":"tr"},{"@type":"Organization","@id":"https:\/\/www.commersee.com\/#organization","name":"Commersee","url":"https:\/\/www.commersee.com\/","logo":{"@type":"ImageObject","inLanguage":"tr","@id":"https:\/\/www.commersee.com\/#\/schema\/logo\/image\/","url":"https:\/\/www.commersee.com\/wp-content\/uploads\/2023\/10\/Group-3549.png","contentUrl":"https:\/\/www.commersee.com\/wp-content\/uploads\/2023\/10\/Group-3549.png","width":241,"height":34,"caption":"Commersee"},"image":{"@id":"https:\/\/www.commersee.com\/#\/schema\/logo\/image\/"},"sameAs":["https:\/\/www.linkedin.com\/company\/commersee\/","https:\/\/www.instagram.com\/commerseeturkiye\/?igshid=OGQ5ZDc2ODk2ZA","https:\/\/www.youtube.com\/@CommerseeTurkiye"]}]}},"_links":{"self":[{"href":"https:\/\/www.commersee.com\/tr\/wp-json\/wp\/v2\/pages\/178","targetHints":{"allow":["GET"]}}],"collection":[{"href":"https:\/\/www.commersee.com\/tr\/wp-json\/wp\/v2\/pages"}],"about":[{"href":"https:\/\/www.commersee.com\/tr\/wp-json\/wp\/v2\/types\/page"}],"author":[{"embeddable":true,"href":"https:\/\/www.commersee.com\/tr\/wp-json\/wp\/v2\/users\/1"}],"replies":[{"embeddable":true,"href":"https:\/\/www.commersee.com\/tr\/wp-json\/wp\/v2\/comments?post=178"}],"version-history":[{"count":95,"href":"https:\/\/www.commersee.com\/tr\/wp-json\/wp\/v2\/pages\/178\/revisions"}],"predecessor-version":[{"id":1434,"href":"https:\/\/www.commersee.com\/tr\/wp-json\/wp\/v2\/pages\/178\/revisions\/1434"}],"up":[{"embeddable":true,"href":"https:\/\/www.commersee.com\/tr\/wp-json\/wp\/v2\/pages\/12"}],"wp:attachment":[{"href":"https:\/\/www.commersee.com\/tr\/wp-json\/wp\/v2\/media?parent=178"}],"curies":[{"name":"wp","href":"https:\/\/api.w.org\/{rel}","templated":true}]}}